{"id":16650,"date":"2020-02-24T22:15:15","date_gmt":"2020-02-24T22:15:15","guid":{"rendered":"https:\/\/demo03.houzez.co\/?page_id=16650"},"modified":"2026-01-20T22:50:25","modified_gmt":"2026-01-20T19:50:25","slug":"about","status":"publish","type":"page","link":"https:\/\/mphomeinvest.com\/ru\/about\/","title":{"rendered":"\u041e"},"content":{"rendered":"<div data-elementor-type=\"wp-page\" data-elementor-id=\"16650\" class=\"elementor elementor-16650\">\n\t\t\t\t\t\t<section class=\"elementor-section elementor-top-section elementor-element elementor-element-5b81e21 elementor-section-height-min-height animated-slow elementor-section-boxed elementor-section-height-default elementor-section-items-middle elementor-invisible\" data-id=\"5b81e21\" data-element_type=\"section\" data-settings=\"{&quot;background_background&quot;:&quot;classic&quot;,&quot;animation&quot;:&quot;fadeIn&quot;}\">\n\t\t\t\t\t\t\t<div class=\"elementor-background-overlay\"><\/div>\n\t\t\t\t\t\t\t<div class=\"elementor-container elementor-column-gap-default\">\n\t\t\t\t\t<div class=\"elementor-column elementor-col-100 elementor-top-column elementor-element elementor-element-ad367f8\" data-id=\"ad367f8\" data-element_type=\"column\">\n\t\t\t<div class=\"elementor-widget-wrap elementor-element-populated\">\n\t\t\t\t\t\t<div class=\"elementor-element elementor-element-0e7939f elementor-widget elementor-widget-heading\" data-id=\"0e7939f\" data-element_type=\"widget\" data-widget_type=\"heading.default\">\n\t\t\t\t\t<h1 class=\"elementor-heading-title elementor-size-default\">\u041e \u043d\u0430\u0441<\/h1>\t\t\t\t<\/div>\n\t\t\t\t\t<\/div>\n\t\t<\/div>\n\t\t\t\t\t<\/div>\n\t\t<\/section>\n\t\t\t\t<section class=\"elementor-section elementor-top-section elementor-element elementor-element-09038dc elementor-section-boxed elementor-section-height-default elementor-section-height-default\" data-id=\"09038dc\" data-element_type=\"section\" data-settings=\"{&quot;background_background&quot;:&quot;classic&quot;}\">\n\t\t\t\t\t\t<div class=\"elementor-container elementor-column-gap-default\">\n\t\t\t\t\t<div class=\"elementor-column elementor-col-100 elementor-top-column elementor-element elementor-element-c8278ac\" data-id=\"c8278ac\" data-element_type=\"column\">\n\t\t\t<div class=\"elementor-widget-wrap elementor-element-populated\">\n\t\t\t\t\t\t<div class=\"elementor-element elementor-element-e7372b6 animated-slow elementor-invisible elementor-widget elementor-widget-houzez_elementor_section_title\" data-id=\"e7372b6\" data-element_type=\"widget\" data-settings=\"{&quot;_animation&quot;:&quot;fadeIn&quot;}\" data-widget_type=\"houzez_elementor_section_title.default\">\n\t\t\t\t<div class=\"elementor-widget-container\">\n\t\t\t\t\t            <div class=\"houzez_section_title_wrap section-title-module\">\n                                    <h2 class=\"houzez_section_title\">\u041e \u043d\u0430\u0441<\/h2>\n                \n                            <\/div>\n            \t\t\t\t<\/div>\n\t\t\t\t<\/div>\n\t\t\t\t<div class=\"elementor-element elementor-element-69fe9b8 elementor-widget elementor-widget-text-editor\" data-id=\"69fe9b8\" data-element_type=\"widget\" data-widget_type=\"text-editor.default\">\n\t\t\t\t\t\t\t\t\t<p>\u041a\u043e\u043c\u043f\u0430\u043d\u0438\u044f MP Home Invest, \u0440\u0430\u0431\u043e\u0442\u0430\u044e\u0449\u0430\u044f \u0432 \u0441\u0435\u043a\u0442\u043e\u0440\u0435 \u043d\u0435\u0434\u0432\u0438\u0436\u0438\u043c\u043e\u0441\u0442\u0438 \u0438 \u0441\u0442\u0440\u043e\u0438\u0442\u0435\u043b\u044c\u0441\u0442\u0432\u0430 \u0410\u043b\u0430\u043d\u0438\u0438 \u0441 2010 \u0433\u043e\u0434\u0430, \u0431\u043b\u0430\u0433\u043e\u0434\u0430\u0440\u044f \u043c\u043d\u043e\u0433\u043e\u043b\u0435\u0442\u043d\u0435\u043c\u0443 \u043e\u043f\u044b\u0442\u0443 \u0438 \u043a\u043e\u043c\u0430\u043d\u0434\u0435 \u044d\u043a\u0441\u043f\u0435\u0440\u0442\u043e\u0432 \u0441\u0442\u0430\u043b\u0430 \u043e\u0434\u043d\u043e\u0439 \u0438\u0437 \u0432\u0435\u0434\u0443\u0449\u0438\u0445 \u043a\u043e\u043c\u043f\u0430\u043d\u0438\u0439 \u0432 \u0440\u0435\u0433\u0438\u043e\u043d\u0435 \u0432 \u0441\u0444\u0435\u0440\u0435 \u043d\u0435\u0434\u0432\u0438\u0436\u0438\u043c\u043e\u0441\u0442\u0438.<\/p><p>\u0417\u0430 15 \u043b\u0435\u0442 \u0440\u0430\u0431\u043e\u0442\u044b \u0432 \u043e\u0442\u0440\u0430\u0441\u043b\u0438 \u043c\u044b \u0432\u0441\u0435\u0433\u0434\u0430 \u0441\u0442\u0430\u0432\u0438\u043b\u0438 \u0432\u043e \u0433\u043b\u0430\u0432\u0443 \u0443\u0433\u043b\u0430 \u0443\u0434\u043e\u0432\u043b\u0435\u0442\u0432\u043e\u0440\u0435\u043d\u043d\u043e\u0441\u0442\u044c \u043a\u043b\u0438\u0435\u043d\u0442\u043e\u0432 \u0438, \u0431\u043b\u0430\u0433\u043e\u0434\u0430\u0440\u044f \u043d\u0430\u0448\u0435\u043c\u0443 \u043a\u0430\u0447\u0435\u0441\u0442\u0432\u0435\u043d\u043d\u043e\u043c\u0443 \u043f\u043e\u0434\u0445\u043e\u0434\u0443 \u043a \u043e\u0431\u0441\u043b\u0443\u0436\u0438\u0432\u0430\u043d\u0438\u044e, \u043f\u043e\u043c\u043e\u0433\u043b\u0438 \u0441\u043e\u0442\u043d\u044f\u043c \u0441\u0435\u043c\u0435\u0439 \u0438 \u0438\u043d\u0432\u0435\u0441\u0442\u043e\u0440\u043e\u0432 \u043e\u0441\u0443\u0449\u0435\u0441\u0442\u0432\u0438\u0442\u044c \u043c\u0435\u0447\u0442\u0443 \u043e \u0441\u043e\u0431\u0441\u0442\u0432\u0435\u043d\u043d\u043e\u043c \u0434\u043e\u043c\u0435 \u0438\u043b\u0438 \u0441\u0434\u0435\u043b\u0430\u0442\u044c \u043f\u0440\u0430\u0432\u0438\u043b\u044c\u043d\u044b\u0435 \u0438\u043d\u0432\u0435\u0441\u0442\u0438\u0446\u0438\u0438. \u041d\u0430\u0448\u0430 \u043e\u043f\u044b\u0442\u043d\u0430\u044f \u0438 \u043f\u0440\u043e\u0444\u0435\u0441\u0441\u0438\u043e\u043d\u0430\u043b\u044c\u043d\u0430\u044f \u043a\u043e\u043c\u0430\u043d\u0434\u0430 \u0434\u043e\u0431\u0438\u043b\u0430\u0441\u044c \u0438\u0441\u043a\u043b\u044e\u0447\u0438\u0442\u0435\u043b\u044c\u043d\u044b\u0445 \u0440\u0435\u0437\u0443\u043b\u044c\u0442\u0430\u0442\u043e\u0432 \u0432 \u0441\u0444\u0435\u0440\u0435 \u043f\u0440\u043e\u0434\u0430\u0436\u0438 \u043d\u0435\u0434\u0432\u0438\u0436\u0438\u043c\u043e\u0441\u0442\u0438, \u0430\u0440\u0435\u043d\u0434\u044b \u0438 \u043a\u043e\u043d\u0441\u0443\u043b\u044c\u0442\u0430\u0446\u0438\u043e\u043d\u043d\u044b\u0445 \u0443\u0441\u043b\u0443\u0433.<\/p><p>\u0411\u043b\u0430\u0433\u043e\u0434\u0430\u0440\u044f \u043d\u0430\u0448\u0435\u043c\u0443 \u043e\u0431\u0448\u0438\u0440\u043d\u043e\u043c\u0443 \u043f\u043e\u0440\u0442\u0444\u043e\u043b\u0438\u043e \u043e\u0431\u044a\u0435\u043a\u0442\u043e\u0432 \u043d\u0435\u0434\u0432\u0438\u0436\u0438\u043c\u043e\u0441\u0442\u0438 \u0432 \u043b\u0443\u0447\u0448\u0438\u0445 \u0440\u0430\u0439\u043e\u043d\u0430\u0445 \u0410\u043b\u0430\u043d\u0438\u0438, \u043c\u044b \u043c\u043e\u0436\u0435\u043c \u0443\u0434\u043e\u0432\u043b\u0435\u0442\u0432\u043e\u0440\u0438\u0442\u044c \u0432\u0441\u0435 \u043f\u043e\u0442\u0440\u0435\u0431\u043d\u043e\u0441\u0442\u0438 \u043d\u0430\u0448\u0438\u0445 \u043a\u043b\u0438\u0435\u043d\u0442\u043e\u0432. \u041c\u044b \u043f\u043e\u0434\u0434\u0435\u0440\u0436\u0438\u0432\u0430\u0435\u043c \u043d\u0430\u0448\u0438\u0445 \u043a\u043b\u0438\u0435\u043d\u0442\u043e\u0432 \u043d\u0435 \u043f\u0440\u043e\u0441\u0442\u043e \u043a\u0430\u043a \u043a\u043e\u043c\u043f\u0430\u043d\u0438\u044f \u043f\u043e \u043d\u0435\u0434\u0432\u0438\u0436\u0438\u043c\u043e\u0441\u0442\u0438, \u043d\u043e \u0438 \u043a\u0430\u043a \u043d\u0430\u0434\u0435\u0436\u043d\u044b\u0439 \u0434\u0435\u043b\u043e\u0432\u043e\u0439 \u043f\u0430\u0440\u0442\u043d\u0435\u0440 \u0438 \u043a\u043e\u043d\u0441\u0443\u043b\u044c\u0442\u0430\u043d\u0442.<\/p>\t\t\t\t\t\t\t\t<\/div>\n\t\t\t\t<div class=\"elementor-element elementor-element-89a95a6 elementor-widget elementor-widget-spacer\" data-id=\"89a95a6\" data-element_type=\"widget\" data-widget_type=\"spacer.default\">\n\t\t\t\t\t\t\t<div class=\"elementor-spacer\">\n\t\t\t<div class=\"elementor-spacer-inner\"><\/div>\n\t\t<\/div>\n\t\t\t\t\t\t<\/div>\n\t\t\t\t\t<\/div>\n\t\t<\/div>\n\t\t\t\t\t<\/div>\n\t\t<\/section>\n\t\t\t\t<section class=\"elementor-section elementor-top-section elementor-element elementor-element-3454208 elementor-section-boxed elementor-section-height-default elementor-section-height-default\" data-id=\"3454208\" data-element_type=\"section\" data-settings=\"{&quot;background_background&quot;:&quot;classic&quot;}\">\n\t\t\t\t\t\t<div class=\"elementor-container elementor-column-gap-default\">\n\t\t\t\t\t<div class=\"elementor-column elementor-col-50 elementor-top-column elementor-element elementor-element-c5fa640\" data-id=\"c5fa640\" data-element_type=\"column\">\n\t\t\t<div class=\"elementor-widget-wrap elementor-element-populated\">\n\t\t\t\t\t\t<div class=\"elementor-element elementor-element-d6a6c00 animated-slow elementor-invisible elementor-widget elementor-widget-houzez_elementor_section_title\" data-id=\"d6a6c00\" data-element_type=\"widget\" data-settings=\"{&quot;_animation&quot;:&quot;fadeIn&quot;}\" data-widget_type=\"houzez_elementor_section_title.default\">\n\t\t\t\t<div class=\"elementor-widget-container\">\n\t\t\t\t\t            <div class=\"houzez_section_title_wrap section-title-module\">\n                                    <h2 class=\"houzez_section_title\">\u041d\u0410\u0428\u0410 \u041c\u0418\u0421\u0421\u0418\u042f<\/h2>\n                \n                            <\/div>\n            \t\t\t\t<\/div>\n\t\t\t\t<\/div>\n\t\t\t\t<div class=\"elementor-element elementor-element-38ce25f elementor-widget elementor-widget-text-editor\" data-id=\"38ce25f\" data-element_type=\"widget\" data-widget_type=\"text-editor.default\">\n\t\t\t\t\t\t\t\t\t<p class=\"font-claude-response-body break-words whitespace-normal leading-[1.7]\">\u041d\u0430\u0448\u0430 \u0446\u0435\u043b\u044c \u2014 \u043e\u043a\u0430\u0437\u044b\u0432\u0430\u0442\u044c \u043f\u0440\u043e\u0444\u0435\u0441\u0441\u0438\u043e\u043d\u0430\u043b\u044c\u043d\u0443\u044e \u043f\u043e\u0434\u0434\u0435\u0440\u0436\u043a\u0443 \u0438 \u043a\u043e\u043d\u0441\u0443\u043b\u044c\u0442\u0430\u0446\u0438\u0438 \u043a\u0430\u0436\u0434\u043e\u043c\u0443 \u043a\u043b\u0438\u0435\u043d\u0442\u0443, \u0438\u0449\u0443\u0449\u0435\u043c\u0443 \u043d\u0435\u0434\u0432\u0438\u0436\u0438\u043c\u043e\u0441\u0442\u044c \u0432 \u0410\u043b\u0430\u043d\u0438\u0438, \u043f\u043e\u043c\u043e\u0433\u0430\u044f \u0435\u043c\u0443 \u043d\u0430\u0439\u0442\u0438 \u043e\u0431\u044a\u0435\u043a\u0442, \u043a\u043e\u0442\u043e\u0440\u044b\u0439 \u043d\u0430\u0438\u043b\u0443\u0447\u0448\u0438\u043c \u043e\u0431\u0440\u0430\u0437\u043e\u043c \u0441\u043e\u043e\u0442\u0432\u0435\u0442\u0441\u0442\u0432\u0443\u0435\u0442 \u0435\u0433\u043e \u043f\u043e\u0442\u0440\u0435\u0431\u043d\u043e\u0441\u0442\u044f\u043c. \u0411\u043b\u0430\u0433\u043e\u0434\u0430\u0440\u044f \u043f\u0440\u043e\u0437\u0440\u0430\u0447\u043d\u043e\u0441\u0442\u0438, \u0447\u0435\u0441\u0442\u043d\u043e\u0441\u0442\u0438 \u0438 \u043a\u043b\u0438\u0435\u043d\u0442\u043e\u043e\u0440\u0438\u0435\u043d\u0442\u0438\u0440\u043e\u0432\u0430\u043d\u043d\u043e\u043c\u0443 \u043f\u043e\u0434\u0445\u043e\u0434\u0443 \u043c\u044b \u0441\u0442\u0440\u0435\u043c\u0438\u043c\u0441\u044f \u0441\u0434\u0435\u043b\u0430\u0442\u044c \u043f\u0440\u043e\u0446\u0435\u0441\u0441 \u043f\u0440\u0438\u043e\u0431\u0440\u0435\u0442\u0435\u043d\u0438\u044f \u0436\u0438\u043b\u044c\u044f \u0438\u043b\u0438 \u0438\u043d\u0432\u0435\u0441\u0442\u0438\u0440\u043e\u0432\u0430\u043d\u0438\u044f \u0431\u0435\u0437\u043e\u043f\u0430\u0441\u043d\u044b\u043c \u0438 \u0431\u0435\u0441\u043f\u0440\u043e\u0431\u043b\u0435\u043c\u043d\u044b\u043c.<\/p>\t\t\t\t\t\t\t\t<\/div>\n\t\t\t\t<div class=\"elementor-element elementor-element-e474ae1 elementor-widget elementor-widget-spacer\" data-id=\"e474ae1\" data-element_type=\"widget\" data-widget_type=\"spacer.default\">\n\t\t\t\t\t\t\t<div class=\"elementor-spacer\">\n\t\t\t<div class=\"elementor-spacer-inner\"><\/div>\n\t\t<\/div>\n\t\t\t\t\t\t<\/div>\n\t\t\t\t\t<\/div>\n\t\t<\/div>\n\t\t\t\t<div class=\"elementor-column elementor-col-50 elementor-top-column elementor-element elementor-element-080c06a\" data-id=\"080c06a\" data-element_type=\"column\">\n\t\t\t<div class=\"elementor-widget-wrap elementor-element-populated\">\n\t\t\t\t\t\t<div class=\"elementor-element elementor-element-1206ad3 animated-slow elementor-invisible elementor-widget elementor-widget-houzez_elementor_section_title\" data-id=\"1206ad3\" data-element_type=\"widget\" data-settings=\"{&quot;_animation&quot;:&quot;fadeIn&quot;}\" data-widget_type=\"houzez_elementor_section_title.default\">\n\t\t\t\t<div class=\"elementor-widget-container\">\n\t\t\t\t\t            <div class=\"houzez_section_title_wrap section-title-module\">\n                                    <h2 class=\"houzez_section_title\">\u041d\u0410\u0428\u0415 \u0412\u0418\u0414\u0415\u041d\u0418\u0415<\/h2>\n                \n                            <\/div>\n            \t\t\t\t<\/div>\n\t\t\t\t<\/div>\n\t\t\t\t<div class=\"elementor-element elementor-element-14eb3b0 elementor-widget elementor-widget-text-editor\" data-id=\"14eb3b0\" data-element_type=\"widget\" data-widget_type=\"text-editor.default\">\n\t\t\t\t\t\t\t\t\t<p class=\"font-claude-response-body break-words whitespace-normal leading-[1.7]\">\u041d\u0430\u0448\u0430 \u0446\u0435\u043b\u044c \u2013 \u0441\u0442\u0430\u0442\u044c \u0441\u0430\u043c\u043e\u0439 \u043d\u0430\u0434\u0435\u0436\u043d\u043e\u0439 \u0438 \u043f\u0440\u0435\u0434\u043f\u043e\u0447\u0442\u0438\u0442\u0435\u043b\u044c\u043d\u043e\u0439 \u043a\u043e\u043c\u043f\u0430\u043d\u0438\u0435\u0439 \u0432 \u0441\u0444\u0435\u0440\u0435 \u043d\u0435\u0434\u0432\u0438\u0436\u0438\u043c\u043e\u0441\u0442\u0438 \u0432 \u0410\u043b\u0430\u043d\u0438\u0438 \u0438 \u0435\u0435 \u043e\u043a\u0440\u0435\u0441\u0442\u043d\u043e\u0441\u0442\u044f\u0445, \u0431\u043b\u0430\u0433\u043e\u0434\u0430\u0440\u044f \u043d\u0430\u0448\u0435\u0439 \u043f\u0440\u0438\u0432\u0435\u0440\u0436\u0435\u043d\u043d\u043e\u0441\u0442\u0438 \u043a\u0430\u0447\u0435\u0441\u0442\u0432\u0435\u043d\u043d\u043e\u043c\u0443 \u043e\u0431\u0441\u043b\u0443\u0436\u0438\u0432\u0430\u043d\u0438\u044e \u0438 \u0443\u0434\u043e\u0432\u043b\u0435\u0442\u0432\u043e\u0440\u0435\u043d\u0438\u044e \u043f\u043e\u0442\u0440\u0435\u0431\u043d\u043e\u0441\u0442\u0435\u0439 \u043a\u043b\u0438\u0435\u043d\u0442\u043e\u0432. \u041c\u044b \u0441\u0442\u0440\u0435\u043c\u0438\u043c\u0441\u044f \u043e\u0441\u0442\u0430\u0432\u0430\u0442\u044c\u0441\u044f \u043b\u0443\u0447\u0448\u0438\u043c \u0432\u044b\u0431\u043e\u0440\u043e\u043c \u043a\u0430\u043a \u0434\u043b\u044f \u043e\u0442\u0435\u0447\u0435\u0441\u0442\u0432\u0435\u043d\u043d\u044b\u0445, \u0442\u0430\u043a \u0438 \u0434\u043b\u044f \u043c\u0435\u0436\u0434\u0443\u043d\u0430\u0440\u043e\u0434\u043d\u044b\u0445 \u0438\u043d\u0432\u0435\u0441\u0442\u043e\u0440\u043e\u0432, \u0438\u0441\u043f\u043e\u043b\u044c\u0437\u0443\u044f \u0438\u043d\u043d\u043e\u0432\u0430\u0446\u0438\u043e\u043d\u043d\u044b\u0435 \u043f\u043e\u0434\u0445\u043e\u0434\u044b \u0438 \u043e\u0431\u0448\u0438\u0440\u043d\u044b\u0439 \u043f\u043e\u0440\u0442\u0444\u0435\u043b\u044c \u043e\u0431\u044a\u0435\u043a\u0442\u043e\u0432.<\/p>\t\t\t\t\t\t\t\t<\/div>\n\t\t\t\t<div class=\"elementor-element elementor-element-16efd02 elementor-widget elementor-widget-spacer\" data-id=\"16efd02\" data-element_type=\"widget\" data-widget_type=\"spacer.default\">\n\t\t\t\t\t\t\t<div class=\"elementor-spacer\">\n\t\t\t<div class=\"elementor-spacer-inner\"><\/div>\n\t\t<\/div>\n\t\t\t\t\t\t<\/div>\n\t\t\t\t\t<\/div>\n\t\t<\/div>\n\t\t\t\t\t<\/div>\n\t\t<\/section>\n\t\t\t\t<\/div>","protected":false},"excerpt":{"rendered":"<p>\u041e \u043d\u0430\u0441. \u041a\u043e\u043c\u043f\u0430\u043d\u0438\u044f MP Home Invest, \u0440\u0430\u0431\u043e\u0442\u0430\u044e\u0449\u0430\u044f \u0432 \u0441\u0435\u043a\u0442\u043e\u0440\u0435 \u043d\u0435\u0434\u0432\u0438\u0436\u0438\u043c\u043e\u0441\u0442\u0438 \u0438 \u0441\u0442\u0440\u043e\u0438\u0442\u0435\u043b\u044c\u0441\u0442\u0432\u0430 \u0410\u043b\u0430\u043d\u0438\u0438 \u0441 2010 \u0433\u043e\u0434\u0430, \u0441\u0442\u0430\u043b\u0430 \u043e\u0434\u043d\u043e\u0439 \u0438\u0437 \u0432\u0435\u0434\u0443\u0449\u0438\u0445 \u043a\u043e\u043c\u043f\u0430\u043d\u0438\u0439 \u0432 \u0440\u0435\u0433\u0438\u043e\u043d\u0435 \u0431\u043b\u0430\u0433\u043e\u0434\u0430\u0440\u044f \u043c\u043d\u043e\u0433\u043e\u043b\u0435\u0442\u043d\u0435\u043c\u0443 \u043e\u043f\u044b\u0442\u0443 \u0438 \u043a\u043e\u043c\u0430\u043d\u0434\u0435 \u044d\u043a\u0441\u043f\u0435\u0440\u0442\u043e\u0432. \u0417\u0430 15 \u043b\u0435\u0442 \u0440\u0430\u0431\u043e\u0442\u044b \u0432 \u043e\u0442\u0440\u0430\u0441\u043b\u0438 \u043c\u044b \u0432\u0441\u0435\u0433\u0434\u0430 \u0441\u0442\u0430\u0432\u0438\u043b\u0438 \u0432\u043e \u0433\u043b\u0430\u0432\u0443 \u0443\u0433\u043b\u0430 \u0443\u0434\u043e\u0432\u043b\u0435\u0442\u0432\u043e\u0440\u0435\u043d\u043d\u043e\u0441\u0442\u044c \u043a\u043b\u0438\u0435\u043d\u0442\u043e\u0432 \u0438, \u0431\u043b\u0430\u0433\u043e\u0434\u0430\u0440\u044f \u043d\u0430\u0448\u0435\u043c\u0443 \u043a\u0430\u0447\u0435\u0441\u0442\u0432\u0435\u043d\u043d\u043e\u043c\u0443 \u043f\u043e\u0434\u0445\u043e\u0434\u0443 \u043a \u043e\u0431\u0441\u043b\u0443\u0436\u0438\u0432\u0430\u043d\u0438\u044e, \u043f\u043e\u043c\u043e\u0433\u043b\u0438 \u0441\u043e\u0442\u043d\u044f\u043c \u0441\u0435\u043c\u0435\u0439 \u0438 \u0438\u043d\u0432\u0435\u0441\u0442\u043e\u0440\u043e\u0432 \u043e\u0441\u0443\u0449\u0435\u0441\u0442\u0432\u0438\u0442\u044c \u043c\u0435\u0447\u0442\u0443 \u043e \u0441\u043e\u0431\u0441\u0442\u0432\u0435\u043d\u043d\u043e\u043c \u0434\u043e\u043c\u0435 \u0438\u043b\u0438 \u043d\u0430\u0439\u0442\u0438 \u043f\u043e\u0434\u0445\u043e\u0434\u044f\u0449\u0438\u0439 \u0432\u0430\u0440\u0438\u0430\u043d\u0442. [\u2026]<\/p>","protected":false},"author":1,"featured_media":0,"parent":0,"menu_order":0,"comment_status":"closed","ping_status":"closed","template":"template\/template-homepage.php","meta":{"_monsterinsights_skip_tracking":false,"_monsterinsights_sitenote_active":false,"_monsterinsights_sitenote_note":"","_monsterinsights_sitenote_category":0,"footnotes":""},"class_list":["post-16650","page","type-page","status-publish","hentry"],"yoast_head":"<!-- This site is optimized with the Yoast SEO plugin v26.7 - https:\/\/yoast.com\/wordpress\/plugins\/seo\/ -->\n<title>About - MP Home \u0130nvest - Alanya Real Estate - Alanya Emlak - Alanya \u0130nvestment<\/title>\n<meta name=\"robots\" content=\"index, follow, max-snippet:-1, max-image-preview:large, max-video-preview:-1\" \/>\n<link rel=\"canonical\" href=\"https:\/\/mphomeinvest.com\/ru\/about\/\" \/>\n<meta property=\"og:locale\" content=\"ru_RU\" \/>\n<meta property=\"og:type\" content=\"article\" \/>\n<meta property=\"og:title\" content=\"About - MP Home \u0130nvest - Alanya Real Estate - Alanya Emlak - Alanya \u0130nvestment\" \/>\n<meta property=\"og:description\" content=\"Hakk\u0131m\u0131zda Hakk\u0131m\u0131zda 2010 y\u0131l\u0131ndan beri Alanya&#8217;n\u0131n gayrimenkul ve in\u015faat sekt\u00f6r\u00fcnde faaliyet g\u00f6steren MP Home Invest, y\u0131llar\u0131n deneyimi ve uzman ekibiyle b\u00f6lgenin \u00f6nde gelen gayrimenkul \u015firketlerinden biri haline gelmi\u015ftir. 15 y\u0131ll\u0131k sekt\u00f6r deneyimimiz boyunca, m\u00fc\u015fteri memnuniyetini her zaman \u00f6n planda tuttuk ve kaliteli hizmet yakla\u015f\u0131m\u0131m\u0131zla y\u00fczlerce ailenin ve yat\u0131r\u0131mc\u0131n\u0131n ev sahibi olma hayallerini ger\u00e7ekle\u015ftirmelerine veya do\u011fru [&hellip;]\" \/>\n<meta property=\"og:url\" content=\"https:\/\/mphomeinvest.com\/ru\/about\/\" \/>\n<meta property=\"og:site_name\" content=\"MP Home \u0130nvest - Alanya Real Estate - Alanya Emlak - Alanya \u0130nvestment\" \/>\n<meta property=\"article:modified_time\" content=\"2026-01-20T19:50:25+00:00\" \/>\n<meta name=\"twitter:card\" content=\"summary_large_image\" \/>\n<meta name=\"twitter:label1\" content=\"\u041f\u0440\u0438\u043c\u0435\u0440\u043d\u043e\u0435 \u0432\u0440\u0435\u043c\u044f \u0434\u043b\u044f \u0447\u0442\u0435\u043d\u0438\u044f\" \/>\n\t<meta name=\"twitter:data1\" content=\"1 \u043c\u0438\u043d\u0443\u0442\u0430\" \/>\n<script type=\"application\/ld+json\" class=\"yoast-schema-graph\">{\"@context\":\"https:\/\/schema.org\",\"@graph\":[{\"@type\":\"WebPage\",\"@id\":\"https:\/\/mphomeinvest.com\/about\/\",\"url\":\"https:\/\/mphomeinvest.com\/about\/\",\"name\":\"About - MP Home \u0130nvest - Alanya Real Estate - Alanya Emlak - Alanya \u0130nvestment\",\"isPartOf\":{\"@id\":\"https:\/\/mphomeinvest.com\/#website\"},\"datePublished\":\"2020-02-24T22:15:15+00:00\",\"dateModified\":\"2026-01-20T19:50:25+00:00\",\"breadcrumb\":{\"@id\":\"https:\/\/mphomeinvest.com\/about\/#breadcrumb\"},\"inLanguage\":\"ru-RU\",\"potentialAction\":[{\"@type\":\"ReadAction\",\"target\":[\"https:\/\/mphomeinvest.com\/about\/\"]}]},{\"@type\":\"BreadcrumbList\",\"@id\":\"https:\/\/mphomeinvest.com\/about\/#breadcrumb\",\"itemListElement\":[{\"@type\":\"ListItem\",\"position\":1,\"name\":\"Anasayfa\",\"item\":\"https:\/\/mphomeinvest.com\/\"},{\"@type\":\"ListItem\",\"position\":2,\"name\":\"About\"}]},{\"@type\":\"WebSite\",\"@id\":\"https:\/\/mphomeinvest.com\/#website\",\"url\":\"https:\/\/mphomeinvest.com\/\",\"name\":\"MP Home \u0130nvest - Alanya Real Estate - Alanya Emlak - Alanya \u0130nvestment\",\"description\":\"MP Home \u0130nvest - Alanya Real Estate - Alanya Emlak - Alanya \u0130nvestment\",\"potentialAction\":[{\"@type\":\"SearchAction\",\"target\":{\"@type\":\"EntryPoint\",\"urlTemplate\":\"https:\/\/mphomeinvest.com\/?s={search_term_string}\"},\"query-input\":{\"@type\":\"PropertyValueSpecification\",\"valueRequired\":true,\"valueName\":\"search_term_string\"}}],\"inLanguage\":\"ru-RU\"}]}<\/script>\n<!-- \/ Yoast SEO plugin. -->","yoast_head_json":{"title":"About - MP Home \u0130nvest - Alanya Real Estate - Alanya Emlak - Alanya \u0130nvestment","robots":{"index":"index","follow":"follow","max-snippet":"max-snippet:-1","max-image-preview":"max-image-preview:large","max-video-preview":"max-video-preview:-1"},"canonical":"https:\/\/mphomeinvest.com\/ru\/about\/","og_locale":"ru_RU","og_type":"article","og_title":"About - MP Home \u0130nvest - Alanya Real Estate - Alanya Emlak - Alanya \u0130nvestment","og_description":"Hakk\u0131m\u0131zda Hakk\u0131m\u0131zda 2010 y\u0131l\u0131ndan beri Alanya&#8217;n\u0131n gayrimenkul ve in\u015faat sekt\u00f6r\u00fcnde faaliyet g\u00f6steren MP Home Invest, y\u0131llar\u0131n deneyimi ve uzman ekibiyle b\u00f6lgenin \u00f6nde gelen gayrimenkul \u015firketlerinden biri haline gelmi\u015ftir. 15 y\u0131ll\u0131k sekt\u00f6r deneyimimiz boyunca, m\u00fc\u015fteri memnuniyetini her zaman \u00f6n planda tuttuk ve kaliteli hizmet yakla\u015f\u0131m\u0131m\u0131zla y\u00fczlerce ailenin ve yat\u0131r\u0131mc\u0131n\u0131n ev sahibi olma hayallerini ger\u00e7ekle\u015ftirmelerine veya do\u011fru [&hellip;]","og_url":"https:\/\/mphomeinvest.com\/ru\/about\/","og_site_name":"MP Home \u0130nvest - Alanya Real Estate - Alanya Emlak - Alanya \u0130nvestment","article_modified_time":"2026-01-20T19:50:25+00:00","twitter_card":"summary_large_image","twitter_misc":{"\u041f\u0440\u0438\u043c\u0435\u0440\u043d\u043e\u0435 \u0432\u0440\u0435\u043c\u044f \u0434\u043b\u044f \u0447\u0442\u0435\u043d\u0438\u044f":"1 \u043c\u0438\u043d\u0443\u0442\u0430"},"schema":{"@context":"https:\/\/schema.org","@graph":[{"@type":"WebPage","@id":"https:\/\/mphomeinvest.com\/about\/","url":"https:\/\/mphomeinvest.com\/about\/","name":"About - MP Home \u0130nvest - Alanya Real Estate - Alanya Emlak - Alanya \u0130nvestment","isPartOf":{"@id":"https:\/\/mphomeinvest.com\/#website"},"datePublished":"2020-02-24T22:15:15+00:00","dateModified":"2026-01-20T19:50:25+00:00","breadcrumb":{"@id":"https:\/\/mphomeinvest.com\/about\/#breadcrumb"},"inLanguage":"ru-RU","potentialAction":[{"@type":"ReadAction","target":["https:\/\/mphomeinvest.com\/about\/"]}]},{"@type":"BreadcrumbList","@id":"https:\/\/mphomeinvest.com\/about\/#breadcrumb","itemListElement":[{"@type":"ListItem","position":1,"name":"Anasayfa","item":"https:\/\/mphomeinvest.com\/"},{"@type":"ListItem","position":2,"name":"About"}]},{"@type":"WebSite","@id":"https:\/\/mphomeinvest.com\/#website","url":"https:\/\/mphomeinvest.com\/","name":"MP Home \u0130nvest - Alanya Real Estate - Alanya Emlak - Alanya \u0130nvestment","description":"MP Home \u0130nvest - Alanya Real Estate - Alanya Emlak - Alanya \u0130nvestment","potentialAction":[{"@type":"SearchAction","target":{"@type":"EntryPoint","urlTemplate":"https:\/\/mphomeinvest.com\/?s={search_term_string}"},"query-input":{"@type":"PropertyValueSpecification","valueRequired":true,"valueName":"search_term_string"}}],"inLanguage":"ru-RU"}]}},"_links":{"self":[{"href":"https:\/\/mphomeinvest.com\/ru\/wp-json\/wp\/v2\/pages\/16650","targetHints":{"allow":["GET"]}}],"collection":[{"href":"https:\/\/mphomeinvest.com\/ru\/wp-json\/wp\/v2\/pages"}],"about":[{"href":"https:\/\/mphomeinvest.com\/ru\/wp-json\/wp\/v2\/types\/page"}],"author":[{"embeddable":true,"href":"https:\/\/mphomeinvest.com\/ru\/wp-json\/wp\/v2\/users\/1"}],"replies":[{"embeddable":true,"href":"https:\/\/mphomeinvest.com\/ru\/wp-json\/wp\/v2\/comments?post=16650"}],"version-history":[{"count":10,"href":"https:\/\/mphomeinvest.com\/ru\/wp-json\/wp\/v2\/pages\/16650\/revisions"}],"predecessor-version":[{"id":17821,"href":"https:\/\/mphomeinvest.com\/ru\/wp-json\/wp\/v2\/pages\/16650\/revisions\/17821"}],"wp:attachment":[{"href":"https:\/\/mphomeinvest.com\/ru\/wp-json\/wp\/v2\/media?parent=16650"}],"curies":[{"name":"wp","href":"https:\/\/api.w.org\/{rel}","templated":true}]}}