{"id":16650,"date":"2020-02-24T22:15:15","date_gmt":"2020-02-24T22:15:15","guid":{"rendered":"https:\/\/demo03.houzez.co\/?page_id=16650"},"modified":"2026-01-20T22:50:25","modified_gmt":"2026-01-20T19:50:25","slug":"about","status":"publish","type":"page","link":"https:\/\/mphomeinvest.com\/de\/about\/","title":{"rendered":"Um"},"content":{"rendered":"<div data-elementor-type=\"wp-page\" data-elementor-id=\"16650\" class=\"elementor elementor-16650\">\n\t\t\t\t\t\t<section class=\"elementor-section elementor-top-section elementor-element elementor-element-5b81e21 elementor-section-height-min-height animated-slow elementor-section-boxed elementor-section-height-default elementor-section-items-middle elementor-invisible\" data-id=\"5b81e21\" data-element_type=\"section\" data-settings=\"{&quot;background_background&quot;:&quot;classic&quot;,&quot;animation&quot;:&quot;fadeIn&quot;}\">\n\t\t\t\t\t\t\t<div class=\"elementor-background-overlay\"><\/div>\n\t\t\t\t\t\t\t<div class=\"elementor-container elementor-column-gap-default\">\n\t\t\t\t\t<div class=\"elementor-column elementor-col-100 elementor-top-column elementor-element elementor-element-ad367f8\" data-id=\"ad367f8\" data-element_type=\"column\">\n\t\t\t<div class=\"elementor-widget-wrap elementor-element-populated\">\n\t\t\t\t\t\t<div class=\"elementor-element elementor-element-0e7939f elementor-widget elementor-widget-heading\" data-id=\"0e7939f\" data-element_type=\"widget\" data-widget_type=\"heading.default\">\n\t\t\t\t\t<h1 class=\"elementor-heading-title elementor-size-default\">\u00dcber uns<\/h1>\t\t\t\t<\/div>\n\t\t\t\t\t<\/div>\n\t\t<\/div>\n\t\t\t\t\t<\/div>\n\t\t<\/section>\n\t\t\t\t<section class=\"elementor-section elementor-top-section elementor-element elementor-element-09038dc elementor-section-boxed elementor-section-height-default elementor-section-height-default\" data-id=\"09038dc\" data-element_type=\"section\" data-settings=\"{&quot;background_background&quot;:&quot;classic&quot;}\">\n\t\t\t\t\t\t<div class=\"elementor-container elementor-column-gap-default\">\n\t\t\t\t\t<div class=\"elementor-column elementor-col-100 elementor-top-column elementor-element elementor-element-c8278ac\" data-id=\"c8278ac\" data-element_type=\"column\">\n\t\t\t<div class=\"elementor-widget-wrap elementor-element-populated\">\n\t\t\t\t\t\t<div class=\"elementor-element elementor-element-e7372b6 animated-slow elementor-invisible elementor-widget elementor-widget-houzez_elementor_section_title\" data-id=\"e7372b6\" data-element_type=\"widget\" data-settings=\"{&quot;_animation&quot;:&quot;fadeIn&quot;}\" data-widget_type=\"houzez_elementor_section_title.default\">\n\t\t\t\t<div class=\"elementor-widget-container\">\n\t\t\t\t\t            <div class=\"houzez_section_title_wrap section-title-module\">\n                                    <h2 class=\"houzez_section_title\">\u00dcber uns<\/h2>\n                \n                            <\/div>\n            \t\t\t\t<\/div>\n\t\t\t\t<\/div>\n\t\t\t\t<div class=\"elementor-element elementor-element-69fe9b8 elementor-widget elementor-widget-text-editor\" data-id=\"69fe9b8\" data-element_type=\"widget\" data-widget_type=\"text-editor.default\">\n\t\t\t\t\t\t\t\t\t<p>MP Home Invest ist seit 2010 im Immobilien- und Bausektor von Alanya t\u00e4tig und hat sich dank seiner langj\u00e4hrigen Erfahrung und seines Expertenteams zu einem der f\u00fchrenden Immobilienunternehmen der Region entwickelt.<\/p><p>In unseren 15 Jahren Branchenerfahrung haben wir stets die Kundenzufriedenheit in den Mittelpunkt gestellt und mit unserem qualitativ hochwertigen Serviceansatz Hunderten von Familien und Investoren geholfen, ihren Traum vom Eigenheim zu verwirklichen oder die richtige Investition zu t\u00e4tigen. Mit unserem erfahrenen und professionellen Team haben wir herausragende Ergebnisse im Bereich Immobilienverkauf, -vermietung und -beratung erzielt.<\/p><p>Mit unserem umfangreichen Immobilienportfolio in den besten Lagen Alanyas k\u00f6nnen wir alle Bed\u00fcrfnisse unserer Kunden erf\u00fcllen. Wir stehen unseren Kunden nicht nur als Immobilienunternehmen, sondern auch als verl\u00e4sslicher Gesch\u00e4ftspartner und Berater zur Seite.<\/p>\t\t\t\t\t\t\t\t<\/div>\n\t\t\t\t<div class=\"elementor-element elementor-element-89a95a6 elementor-widget elementor-widget-spacer\" data-id=\"89a95a6\" data-element_type=\"widget\" data-widget_type=\"spacer.default\">\n\t\t\t\t\t\t\t<div class=\"elementor-spacer\">\n\t\t\t<div class=\"elementor-spacer-inner\"><\/div>\n\t\t<\/div>\n\t\t\t\t\t\t<\/div>\n\t\t\t\t\t<\/div>\n\t\t<\/div>\n\t\t\t\t\t<\/div>\n\t\t<\/section>\n\t\t\t\t<section class=\"elementor-section elementor-top-section elementor-element elementor-element-3454208 elementor-section-boxed elementor-section-height-default elementor-section-height-default\" data-id=\"3454208\" data-element_type=\"section\" data-settings=\"{&quot;background_background&quot;:&quot;classic&quot;}\">\n\t\t\t\t\t\t<div class=\"elementor-container elementor-column-gap-default\">\n\t\t\t\t\t<div class=\"elementor-column elementor-col-50 elementor-top-column elementor-element elementor-element-c5fa640\" data-id=\"c5fa640\" data-element_type=\"column\">\n\t\t\t<div class=\"elementor-widget-wrap elementor-element-populated\">\n\t\t\t\t\t\t<div class=\"elementor-element elementor-element-d6a6c00 animated-slow elementor-invisible elementor-widget elementor-widget-houzez_elementor_section_title\" data-id=\"d6a6c00\" data-element_type=\"widget\" data-settings=\"{&quot;_animation&quot;:&quot;fadeIn&quot;}\" data-widget_type=\"houzez_elementor_section_title.default\">\n\t\t\t\t<div class=\"elementor-widget-container\">\n\t\t\t\t\t            <div class=\"houzez_section_title_wrap section-title-module\">\n                                    <h2 class=\"houzez_section_title\">UNSERE MISSION<\/h2>\n                \n                            <\/div>\n            \t\t\t\t<\/div>\n\t\t\t\t<\/div>\n\t\t\t\t<div class=\"elementor-element elementor-element-38ce25f elementor-widget elementor-widget-text-editor\" data-id=\"38ce25f\" data-element_type=\"widget\" data-widget_type=\"text-editor.default\">\n\t\t\t\t\t\t\t\t\t<p class=\"font-claude-response-body break-words whitespace-normal leading-[1.7]\">Unser Ziel ist es, jedem Kunden, der in Alanya eine Immobilie sucht, professionelle Unterst\u00fctzung und Beratung zu bieten und ihm dabei zu helfen, die passende Immobilie zu finden. Durch Transparenz, Ehrlichkeit und Kundenorientierung m\u00f6chten wir den Kauf oder die Investition in eine Immobilie sicher und reibungslos gestalten.<\/p>\t\t\t\t\t\t\t\t<\/div>\n\t\t\t\t<div class=\"elementor-element elementor-element-e474ae1 elementor-widget elementor-widget-spacer\" data-id=\"e474ae1\" data-element_type=\"widget\" data-widget_type=\"spacer.default\">\n\t\t\t\t\t\t\t<div class=\"elementor-spacer\">\n\t\t\t<div class=\"elementor-spacer-inner\"><\/div>\n\t\t<\/div>\n\t\t\t\t\t\t<\/div>\n\t\t\t\t\t<\/div>\n\t\t<\/div>\n\t\t\t\t<div class=\"elementor-column elementor-col-50 elementor-top-column elementor-element elementor-element-080c06a\" data-id=\"080c06a\" data-element_type=\"column\">\n\t\t\t<div class=\"elementor-widget-wrap elementor-element-populated\">\n\t\t\t\t\t\t<div class=\"elementor-element elementor-element-1206ad3 animated-slow elementor-invisible elementor-widget elementor-widget-houzez_elementor_section_title\" data-id=\"1206ad3\" data-element_type=\"widget\" data-settings=\"{&quot;_animation&quot;:&quot;fadeIn&quot;}\" data-widget_type=\"houzez_elementor_section_title.default\">\n\t\t\t\t<div class=\"elementor-widget-container\">\n\t\t\t\t\t            <div class=\"houzez_section_title_wrap section-title-module\">\n                                    <h2 class=\"houzez_section_title\">UNSERE VISION<\/h2>\n                \n                            <\/div>\n            \t\t\t\t<\/div>\n\t\t\t\t<\/div>\n\t\t\t\t<div class=\"elementor-element elementor-element-14eb3b0 elementor-widget elementor-widget-text-editor\" data-id=\"14eb3b0\" data-element_type=\"widget\" data-widget_type=\"text-editor.default\">\n\t\t\t\t\t\t\t\t\t<p class=\"font-claude-response-body break-words whitespace-normal leading-[1.7]\">Unser Ziel ist es, dank unseres Engagements f\u00fcr erstklassigen Service und Kundenzufriedenheit das zuverl\u00e4ssigste und bevorzugte Immobilienunternehmen in Alanya und Umgebung zu sein. Mit unseren innovativen Ans\u00e4tzen und unserem umfangreichen Portfolio wollen wir auch weiterhin die erste Wahl f\u00fcr in- und ausl\u00e4ndische Investoren bleiben.<\/p>\t\t\t\t\t\t\t\t<\/div>\n\t\t\t\t<div class=\"elementor-element elementor-element-16efd02 elementor-widget elementor-widget-spacer\" data-id=\"16efd02\" data-element_type=\"widget\" data-widget_type=\"spacer.default\">\n\t\t\t\t\t\t\t<div class=\"elementor-spacer\">\n\t\t\t<div class=\"elementor-spacer-inner\"><\/div>\n\t\t<\/div>\n\t\t\t\t\t\t<\/div>\n\t\t\t\t\t<\/div>\n\t\t<\/div>\n\t\t\t\t\t<\/div>\n\t\t<\/section>\n\t\t\t\t<\/div>","protected":false},"excerpt":{"rendered":"<p>\u00dcber uns: MP Home Invest ist seit 2010 im Immobilien- und Bausektor von Alanya t\u00e4tig und hat sich mit langj\u00e4hriger Erfahrung und einem Expertenteam zu einem der f\u00fchrenden Immobilienunternehmen der Region entwickelt. In unseren 15 Jahren Branchenerfahrung haben wir stets die Kundenzufriedenheit in den Vordergrund gestellt und mit unserem qualitativ hochwertigen Serviceansatz Hunderten von Familien und Investoren geholfen, ihren Traum vom Eigenheim zu verwirklichen oder das passende Zuhause zu finden. [\u2026]<\/p>","protected":false},"author":1,"featured_media":0,"parent":0,"menu_order":0,"comment_status":"closed","ping_status":"closed","template":"template\/template-homepage.php","meta":{"_monsterinsights_skip_tracking":false,"_monsterinsights_sitenote_active":false,"_monsterinsights_sitenote_note":"","_monsterinsights_sitenote_category":0,"footnotes":""},"class_list":["post-16650","page","type-page","status-publish","hentry"],"yoast_head":"<!-- This site is optimized with the Yoast SEO plugin v26.7 - https:\/\/yoast.com\/wordpress\/plugins\/seo\/ -->\n<title>About - MP Home \u0130nvest - Alanya Real Estate - Alanya Emlak - Alanya \u0130nvestment<\/title>\n<meta name=\"robots\" content=\"index, follow, max-snippet:-1, max-image-preview:large, max-video-preview:-1\" \/>\n<link rel=\"canonical\" href=\"https:\/\/mphomeinvest.com\/de\/about\/\" \/>\n<meta property=\"og:locale\" content=\"de_DE\" \/>\n<meta property=\"og:type\" content=\"article\" \/>\n<meta property=\"og:title\" content=\"About - MP Home \u0130nvest - Alanya Real Estate - Alanya Emlak - Alanya \u0130nvestment\" \/>\n<meta property=\"og:description\" content=\"Hakk\u0131m\u0131zda Hakk\u0131m\u0131zda 2010 y\u0131l\u0131ndan beri Alanya&#8217;n\u0131n gayrimenkul ve in\u015faat sekt\u00f6r\u00fcnde faaliyet g\u00f6steren MP Home Invest, y\u0131llar\u0131n deneyimi ve uzman ekibiyle b\u00f6lgenin \u00f6nde gelen gayrimenkul \u015firketlerinden biri haline gelmi\u015ftir. 15 y\u0131ll\u0131k sekt\u00f6r deneyimimiz boyunca, m\u00fc\u015fteri memnuniyetini her zaman \u00f6n planda tuttuk ve kaliteli hizmet yakla\u015f\u0131m\u0131m\u0131zla y\u00fczlerce ailenin ve yat\u0131r\u0131mc\u0131n\u0131n ev sahibi olma hayallerini ger\u00e7ekle\u015ftirmelerine veya do\u011fru [&hellip;]\" \/>\n<meta property=\"og:url\" content=\"https:\/\/mphomeinvest.com\/de\/about\/\" \/>\n<meta property=\"og:site_name\" content=\"MP Home \u0130nvest - Alanya Real Estate - Alanya Emlak - Alanya \u0130nvestment\" \/>\n<meta property=\"article:modified_time\" content=\"2026-01-20T19:50:25+00:00\" \/>\n<meta name=\"twitter:card\" content=\"summary_large_image\" \/>\n<meta name=\"twitter:label1\" content=\"Gesch\u00e4tzte Lesezeit\" \/>\n\t<meta name=\"twitter:data1\" content=\"1\u00a0Minute\" \/>\n<script type=\"application\/ld+json\" class=\"yoast-schema-graph\">{\"@context\":\"https:\/\/schema.org\",\"@graph\":[{\"@type\":\"WebPage\",\"@id\":\"https:\/\/mphomeinvest.com\/about\/\",\"url\":\"https:\/\/mphomeinvest.com\/about\/\",\"name\":\"About - MP Home \u0130nvest - Alanya Real Estate - Alanya Emlak - Alanya \u0130nvestment\",\"isPartOf\":{\"@id\":\"https:\/\/mphomeinvest.com\/#website\"},\"datePublished\":\"2020-02-24T22:15:15+00:00\",\"dateModified\":\"2026-01-20T19:50:25+00:00\",\"breadcrumb\":{\"@id\":\"https:\/\/mphomeinvest.com\/about\/#breadcrumb\"},\"inLanguage\":\"de\",\"potentialAction\":[{\"@type\":\"ReadAction\",\"target\":[\"https:\/\/mphomeinvest.com\/about\/\"]}]},{\"@type\":\"BreadcrumbList\",\"@id\":\"https:\/\/mphomeinvest.com\/about\/#breadcrumb\",\"itemListElement\":[{\"@type\":\"ListItem\",\"position\":1,\"name\":\"Anasayfa\",\"item\":\"https:\/\/mphomeinvest.com\/\"},{\"@type\":\"ListItem\",\"position\":2,\"name\":\"About\"}]},{\"@type\":\"WebSite\",\"@id\":\"https:\/\/mphomeinvest.com\/#website\",\"url\":\"https:\/\/mphomeinvest.com\/\",\"name\":\"MP Home \u0130nvest - Alanya Real Estate - Alanya Emlak - Alanya \u0130nvestment\",\"description\":\"MP Home \u0130nvest - Alanya Real Estate - Alanya Emlak - Alanya \u0130nvestment\",\"potentialAction\":[{\"@type\":\"SearchAction\",\"target\":{\"@type\":\"EntryPoint\",\"urlTemplate\":\"https:\/\/mphomeinvest.com\/?s={search_term_string}\"},\"query-input\":{\"@type\":\"PropertyValueSpecification\",\"valueRequired\":true,\"valueName\":\"search_term_string\"}}],\"inLanguage\":\"de\"}]}<\/script>\n<!-- \/ Yoast SEO plugin. -->","yoast_head_json":{"title":"About - MP Home \u0130nvest - Alanya Real Estate - Alanya Emlak - Alanya \u0130nvestment","robots":{"index":"index","follow":"follow","max-snippet":"max-snippet:-1","max-image-preview":"max-image-preview:large","max-video-preview":"max-video-preview:-1"},"canonical":"https:\/\/mphomeinvest.com\/de\/about\/","og_locale":"de_DE","og_type":"article","og_title":"About - MP Home \u0130nvest - Alanya Real Estate - Alanya Emlak - Alanya \u0130nvestment","og_description":"Hakk\u0131m\u0131zda Hakk\u0131m\u0131zda 2010 y\u0131l\u0131ndan beri Alanya&#8217;n\u0131n gayrimenkul ve in\u015faat sekt\u00f6r\u00fcnde faaliyet g\u00f6steren MP Home Invest, y\u0131llar\u0131n deneyimi ve uzman ekibiyle b\u00f6lgenin \u00f6nde gelen gayrimenkul \u015firketlerinden biri haline gelmi\u015ftir. 15 y\u0131ll\u0131k sekt\u00f6r deneyimimiz boyunca, m\u00fc\u015fteri memnuniyetini her zaman \u00f6n planda tuttuk ve kaliteli hizmet yakla\u015f\u0131m\u0131m\u0131zla y\u00fczlerce ailenin ve yat\u0131r\u0131mc\u0131n\u0131n ev sahibi olma hayallerini ger\u00e7ekle\u015ftirmelerine veya do\u011fru [&hellip;]","og_url":"https:\/\/mphomeinvest.com\/de\/about\/","og_site_name":"MP Home \u0130nvest - Alanya Real Estate - Alanya Emlak - Alanya \u0130nvestment","article_modified_time":"2026-01-20T19:50:25+00:00","twitter_card":"summary_large_image","twitter_misc":{"Gesch\u00e4tzte Lesezeit":"1\u00a0Minute"},"schema":{"@context":"https:\/\/schema.org","@graph":[{"@type":"WebPage","@id":"https:\/\/mphomeinvest.com\/about\/","url":"https:\/\/mphomeinvest.com\/about\/","name":"About - MP Home \u0130nvest - Alanya Real Estate - Alanya Emlak - Alanya \u0130nvestment","isPartOf":{"@id":"https:\/\/mphomeinvest.com\/#website"},"datePublished":"2020-02-24T22:15:15+00:00","dateModified":"2026-01-20T19:50:25+00:00","breadcrumb":{"@id":"https:\/\/mphomeinvest.com\/about\/#breadcrumb"},"inLanguage":"de","potentialAction":[{"@type":"ReadAction","target":["https:\/\/mphomeinvest.com\/about\/"]}]},{"@type":"BreadcrumbList","@id":"https:\/\/mphomeinvest.com\/about\/#breadcrumb","itemListElement":[{"@type":"ListItem","position":1,"name":"Anasayfa","item":"https:\/\/mphomeinvest.com\/"},{"@type":"ListItem","position":2,"name":"About"}]},{"@type":"WebSite","@id":"https:\/\/mphomeinvest.com\/#website","url":"https:\/\/mphomeinvest.com\/","name":"MP Home \u0130nvest - Alanya Real Estate - Alanya Emlak - Alanya \u0130nvestment","description":"MP Home \u0130nvest - Alanya Real Estate - Alanya Emlak - Alanya \u0130nvestment","potentialAction":[{"@type":"SearchAction","target":{"@type":"EntryPoint","urlTemplate":"https:\/\/mphomeinvest.com\/?s={search_term_string}"},"query-input":{"@type":"PropertyValueSpecification","valueRequired":true,"valueName":"search_term_string"}}],"inLanguage":"de"}]}},"_links":{"self":[{"href":"https:\/\/mphomeinvest.com\/de\/wp-json\/wp\/v2\/pages\/16650","targetHints":{"allow":["GET"]}}],"collection":[{"href":"https:\/\/mphomeinvest.com\/de\/wp-json\/wp\/v2\/pages"}],"about":[{"href":"https:\/\/mphomeinvest.com\/de\/wp-json\/wp\/v2\/types\/page"}],"author":[{"embeddable":true,"href":"https:\/\/mphomeinvest.com\/de\/wp-json\/wp\/v2\/users\/1"}],"replies":[{"embeddable":true,"href":"https:\/\/mphomeinvest.com\/de\/wp-json\/wp\/v2\/comments?post=16650"}],"version-history":[{"count":10,"href":"https:\/\/mphomeinvest.com\/de\/wp-json\/wp\/v2\/pages\/16650\/revisions"}],"predecessor-version":[{"id":17821,"href":"https:\/\/mphomeinvest.com\/de\/wp-json\/wp\/v2\/pages\/16650\/revisions\/17821"}],"wp:attachment":[{"href":"https:\/\/mphomeinvest.com\/de\/wp-json\/wp\/v2\/media?parent=16650"}],"curies":[{"name":"wp","href":"https:\/\/api.w.org\/{rel}","templated":true}]}}